{"id":2980,"date":"2026-02-15T16:42:18","date_gmt":"2026-02-15T16:42:18","guid":{"rendered":"https:\/\/dpsg-iz.de\/?page_id=2980"},"modified":"2026-02-21T21:51:33","modified_gmt":"2026-02-21T21:51:33","slug":"geschichte","status":"publish","type":"page","link":"https:\/\/dpsg-iz.de\/?page_id=2980","title":{"rendered":"Geschichte"},"content":{"rendered":"\t\t<div data-elementor-type=\"wp-page\" data-elementor-id=\"2980\" class=\"elementor elementor-2980\">\n\t\t\t\t<div class=\"elementor-element elementor-element-721d99b e-flex e-con-boxed e-con e-parent\" data-id=\"721d99b\" data-element_type=\"container\">\n\t\t\t\t\t<div class=\"e-con-inner\">\n\t\t<div class=\"elementor-element elementor-element-2d3aa1f e-con-full e-flex e-con e-child\" data-id=\"2d3aa1f\" data-element_type=\"container\">\n\t\t\t\t<div class=\"elementor-element elementor-element-814d05e elementor-widget elementor-widget-heading\" data-id=\"814d05e\" data-element_type=\"widget\" data-widget_type=\"heading.default\">\n\t\t\t\t<div class=\"elementor-widget-container\">\n\t\t\t\t\t<h2 class=\"elementor-heading-title elementor-size-default\">Unsere kleine Geschichte <\/h2>\t\t\t\t<\/div>\n\t\t\t\t<\/div>\n\t\t\t\t<\/div>\n\t\t\t\t<div class=\"elementor-element elementor-element-ac41843 elementor-widget elementor-widget-text-editor\" data-id=\"ac41843\" data-element_type=\"widget\" data-widget_type=\"text-editor.default\">\n\t\t\t\t<div class=\"elementor-widget-container\">\n\t\t\t\t\t\t\t\t\t<h3>Unser Pfadfinderstamm \u201e<strong>Geschwister Scholl<\/strong>\u201c wurde 1984 gegr\u00fcndet und geh\u00f6rt seitdem zum <a href=\"https:\/\/www.dpsg-hamburg.de\/\">Di\u00f6zesanverband Hamburg <\/a>sowie zur katholischen St. Ansgar Gemeinde Itzehoe, die seit 2021 in der <a href=\"https:\/\/pfarrei-sankt-nikolaus.de\/\"><strong>Pfarrei St. Nikolaus<\/strong><\/a> strukturiert ist.<\/h3><h3>Mittlerweile sind \u00fcber 50 Mitglieder in vier Gruppen (je eine pro <a href=\"https:\/\/dpsg-itzehoe.de\/stufen\/\">Altersstufe<\/a>) in unserem Stamm aktiv und erleben neben regelm\u00e4\u00dfigen w\u00f6chentlichen Gruppenstunden auch zahlreiche Aktionen wie Stammeswochenenden in H\u00e4usern, Zelten und Hiken in der Natur, Obdachlosen- und Armutshilfe sowie Teilnahme an Veranstaltungen in unserer Gemeinde oder dem Di\u00f6zesanverband Hamburg.<\/h3>\t\t\t\t\t\t\t\t<\/div>\n\t\t\t\t<\/div>\n\t\t\t\t\t<\/div>\n\t\t\t\t<\/div>\n\t\t<div class=\"elementor-element elementor-element-b06fd9f e-flex e-con-boxed e-con e-parent\" data-id=\"b06fd9f\" data-element_type=\"container\">\n\t\t\t\t\t<div class=\"e-con-inner\">\n\t\t\t\t\t<\/div>\n\t\t\t\t<\/div>\n\t\t\t\t<\/div>\n\t\t","protected":false},"excerpt":{"rendered":"<p>Unsere kleine Geschichte Unser Pfadfinderstamm \u201eGeschwister Scholl\u201c wurde 1984 gegr\u00fcndet und geh\u00f6rt seitdem zum Di\u00f6zesanverband Hamburg sowie zur katholischen St. Ansgar Gemeinde Itzehoe, die seit&hellip;<\/p>\n","protected":false},"author":10,"featured_media":0,"parent":0,"menu_order":0,"comment_status":"closed","ping_status":"closed","template":"","meta":{"footnotes":""},"class_list":["post-2980","page","type-page","status-publish","hentry"],"_links":{"self":[{"href":"https:\/\/dpsg-iz.de\/index.php?rest_route=\/wp\/v2\/pages\/2980","targetHints":{"allow":["GET"]}}],"collection":[{"href":"https:\/\/dpsg-iz.de\/index.php?rest_route=\/wp\/v2\/pages"}],"about":[{"href":"https:\/\/dpsg-iz.de\/index.php?rest_route=\/wp\/v2\/types\/page"}],"author":[{"embeddable":true,"href":"https:\/\/dpsg-iz.de\/index.php?rest_route=\/wp\/v2\/users\/10"}],"replies":[{"embeddable":true,"href":"https:\/\/dpsg-iz.de\/index.php?rest_route=%2Fwp%2Fv2%2Fcomments&post=2980"}],"version-history":[{"count":4,"href":"https:\/\/dpsg-iz.de\/index.php?rest_route=\/wp\/v2\/pages\/2980\/revisions"}],"predecessor-version":[{"id":3190,"href":"https:\/\/dpsg-iz.de\/index.php?rest_route=\/wp\/v2\/pages\/2980\/revisions\/3190"}],"wp:attachment":[{"href":"https:\/\/dpsg-iz.de\/index.php?rest_route=%2Fwp%2Fv2%2Fmedia&parent=2980"}],"curies":[{"name":"wp","href":"https:\/\/api.w.org\/{rel}","templated":true}]}}